{"id":2547,"date":"2023-11-21T17:28:19","date_gmt":"2023-11-21T16:28:19","guid":{"rendered":"https:\/\/ifxproductions.com\/?page_id=2547"},"modified":"2024-01-31T04:39:50","modified_gmt":"2024-01-31T03:39:50","slug":"blog","status":"publish","type":"page","link":"https:\/\/ifxproductions.com\/en\/blog\/","title":{"rendered":"iFX EXPERIENCE"},"content":{"rendered":"<p><div class=\"fusion-fullwidth fullwidth-box fusion-builder-row-1 fusion-flex-container nonhundred-percent-fullwidth non-hundred-percent-height-scrolling\" style=\"--awb-border-radius-top-left:0px;--awb-border-radius-top-right:0px;--awb-border-radius-bottom-right:0px;--awb-border-radius-bottom-left:0px;--awb-background-color:#191c23;--awb-flex-wrap:wrap;\" ><div class=\"fusion-builder-row fusion-row fusion-flex-align-items-flex-start fusion-flex-content-wrap\" style=\"max-width:1216.8px;margin-left: calc(-4% \/ 2 );margin-right: calc(-4% \/ 2 );\"><div class=\"fusion-layout-column fusion_builder_column fusion-builder-column-0 fusion_builder_column_1_1 1_1 fusion-flex-column\" style=\"--awb-bg-size:cover;--awb-width-large:100%;--awb-margin-top-large:0px;--awb-spacing-right-large:1.92%;--awb-margin-bottom-large:0px;--awb-spacing-left-large:1.92%;--awb-width-medium:100%;--awb-spacing-right-medium:1.92%;--awb-spacing-left-medium:1.92%;--awb-width-small:100%;--awb-spacing-right-small:1.92%;--awb-spacing-left-small:1.92%;\"><div class=\"fusion-column-wrapper fusion-flex-justify-content-flex-start fusion-content-layout-column\"><div class=\"fusion-blog-shortcode fusion-blog-shortcode-1 fusion-blog-archive fusion-blog-layout-large fusion-blog-pagination\"><div class=\"fusion-posts-container fusion-posts-container-pagination fusion-no-meta-info fusion-blog-rollover\" data-pages=\"1\"><article id=\"blog-1-post-2851\" class=\"fusion-post-large post-2851 post type-post status-publish format-standard has-post-thumbnail hentry category-ifx-experience-en\">\n\t<style type=\"text\/css\">\n\t\t\n\t\t\n\t\t\n\t\t\n\t\t\t<\/style>\n\n\n\t\t\t<div class=\"fusion-flexslider flexslider fusion-flexslider-loading fusion-post-slideshow\" style=\"\">\n\t\t<ul class=\"slides\">\n\t\t\t\n\t\t\t\t\t\t\t\t\t\t\t\t\t\t<li><div  class=\"fusion-image-wrapper\" aria-haspopup=\"true\">\n\t\t\t\t<img decoding=\"async\" width=\"910\" height=\"512\" src=\"https:\/\/ifxproductions.com\/wp-content\/uploads\/2024\/01\/bts-behind-the-scene-avasta-00.webp\" class=\"attachment-full size-full lazyload wp-post-image\" alt=\"Behind The Scenes (BTS) tournage Avasta\" srcset=\"data:image\/svg+xml,%3Csvg%20xmlns%3D%27http%3A%2F%2Fwww.w3.org%2F2000%2Fsvg%27%20width%3D%27910%27%20height%3D%27512%27%20viewBox%3D%270%200%20910%20512%27%3E%3Crect%20width%3D%27910%27%20height%3D%27512%27%20fill-opacity%3D%220%22%2F%3E%3C%2Fsvg%3E\" data-orig-src=\"https:\/\/ifxproductions.com\/wp-content\/uploads\/2024\/01\/bts-behind-the-scene-avasta-00.webp\" data-srcset=\"https:\/\/ifxproductions.com\/wp-content\/uploads\/2024\/01\/bts-behind-the-scene-avasta-00-200x113.webp 200w, https:\/\/ifxproductions.com\/wp-content\/uploads\/2024\/01\/bts-behind-the-scene-avasta-00-400x225.webp 400w, https:\/\/ifxproductions.com\/wp-content\/uploads\/2024\/01\/bts-behind-the-scene-avasta-00-600x338.webp 600w, https:\/\/ifxproductions.com\/wp-content\/uploads\/2024\/01\/bts-behind-the-scene-avasta-00-800x450.webp 800w, https:\/\/ifxproductions.com\/wp-content\/uploads\/2024\/01\/bts-behind-the-scene-avasta-00.webp 910w\" data-sizes=\"auto\" \/><div class=\"fusion-rollover\">\n\t<div class=\"fusion-rollover-content\">\n\n\t\t\t\t\n\t\t\n\t\t\t\t\t\t\t\t\t\t\t\t<h4 class=\"fusion-rollover-title\">\n\t\t\t\t\t<a class=\"fusion-rollover-title-link\" href=\"https:\/\/ifxproductions.com\/en\/ifx-experience-en\/behind-the-scenes-bts-of-a-shoot-with-our-client-avasta\/\">\n\t\t\t\t\t\tBehind the scenes &#8211; BTS of a shoot with our client Avasta\t\t\t\t\t<\/a>\n\t\t\t\t<\/h4>\n\t\t\t\n\t\t\t\t\t\t\t\t\n\t\t\n\t\t\t\t\t\t<a class=\"fusion-link-wrapper\" href=\"https:\/\/ifxproductions.com\/en\/ifx-experience-en\/behind-the-scenes-bts-of-a-shoot-with-our-client-avasta\/\" aria-label=\"Behind the scenes &#8211; BTS of a shoot with our client Avasta\"><\/a>\n\t<\/div>\n<\/div>\n<\/div>\n<\/li>\n\t\t\t\n\t\t\t\n\t\t\t\t\t\t\t\t\t\t\t\t\t\t\t\t\t\t\t\t\t\t\t\t\t\t\t\t\t\t\t\t\t\t\t\t\t\t\t\t\t\t\t\t\t\t\t\t\t\t\t\t\t\t\t\t\t\t\t\t\t\t\t\t\t\t\t\t<\/ul>\n\t<\/div>\n\t<div class=\"fusion-post-content post-content\"><h2 class=\"blog-shortcode-post-title entry-title\"><a href=\"https:\/\/ifxproductions.com\/en\/ifx-experience-en\/behind-the-scenes-bts-of-a-shoot-with-our-client-avasta\/\">Behind the scenes &#8211; BTS of a shoot with our client Avasta<\/a><\/h2><div class=\"fusion-post-content-container\"><p> Behind the scenes - BTS of a shoot with our client Avasta   Behind The Scenes \u2022 January [...]<\/p><\/div><\/div><div class=\"fusion-clearfix\"><\/div><\/article>\n<article id=\"blog-1-post-2520\" class=\"fusion-post-large post-2520 post type-post status-publish format-standard has-post-thumbnail hentry category-ifx-experience-en\">\n\t<style type=\"text\/css\">\n\t\t\n\t\t\n\t\t\n\t\t\n\t\t\t<\/style>\n\n\n\t\t\t<div class=\"fusion-flexslider flexslider fusion-flexslider-loading fusion-post-slideshow\" style=\"\">\n\t\t<ul class=\"slides\">\n\t\t\t\n\t\t\t\t\t\t\t\t\t\t\t\t\t\t<li><div  class=\"fusion-image-wrapper\" aria-haspopup=\"true\">\n\t\t\t\t<img decoding=\"async\" width=\"1200\" height=\"800\" src=\"https:\/\/ifxproductions.com\/wp-content\/uploads\/2023\/11\/Bela_Peko-HD-_AS_5727-mini.jpg\" class=\"attachment-full size-full lazyload wp-post-image\" alt=\"Behind the scene Bela Peko\" srcset=\"data:image\/svg+xml,%3Csvg%20xmlns%3D%27http%3A%2F%2Fwww.w3.org%2F2000%2Fsvg%27%20width%3D%271200%27%20height%3D%27800%27%20viewBox%3D%270%200%201200%20800%27%3E%3Crect%20width%3D%271200%27%20height%3D%27800%27%20fill-opacity%3D%220%22%2F%3E%3C%2Fsvg%3E\" data-orig-src=\"https:\/\/ifxproductions.com\/wp-content\/uploads\/2023\/11\/Bela_Peko-HD-_AS_5727-mini.jpg\" data-srcset=\"https:\/\/ifxproductions.com\/wp-content\/uploads\/2023\/11\/Bela_Peko-HD-_AS_5727-mini-200x133.jpg 200w, https:\/\/ifxproductions.com\/wp-content\/uploads\/2023\/11\/Bela_Peko-HD-_AS_5727-mini-400x267.jpg 400w, https:\/\/ifxproductions.com\/wp-content\/uploads\/2023\/11\/Bela_Peko-HD-_AS_5727-mini-600x400.jpg 600w, https:\/\/ifxproductions.com\/wp-content\/uploads\/2023\/11\/Bela_Peko-HD-_AS_5727-mini-800x533.jpg 800w, https:\/\/ifxproductions.com\/wp-content\/uploads\/2023\/11\/Bela_Peko-HD-_AS_5727-mini.jpg 1200w\" data-sizes=\"auto\" \/><div class=\"fusion-rollover\">\n\t<div class=\"fusion-rollover-content\">\n\n\t\t\t\t\n\t\t\n\t\t\t\t\t\t\t\t\t\t\t\t<h4 class=\"fusion-rollover-title\">\n\t\t\t\t\t<a class=\"fusion-rollover-title-link\" href=\"https:\/\/ifxproductions.com\/en\/ifx-experience-en\/bela-peko-revolution-sucree-legumes-et-video\/\">\n\t\t\t\t\t\tBela Peko: revolution, vegetables and video\t\t\t\t\t<\/a>\n\t\t\t\t<\/h4>\n\t\t\t\n\t\t\t\t\t\t\t\t\n\t\t\n\t\t\t\t\t\t<a class=\"fusion-link-wrapper\" href=\"https:\/\/ifxproductions.com\/en\/ifx-experience-en\/bela-peko-revolution-sucree-legumes-et-video\/\" aria-label=\"Bela Peko: revolution, vegetables and video\"><\/a>\n\t<\/div>\n<\/div>\n<\/div>\n<\/li>\n\t\t\t\n\t\t\t\n\t\t\t\t\t\t\t\t\t\t\t\t\t\t\t\t\t\t\t\t\t\t\t\t\t\t\t\t\t\t\t\t\t\t\t\t\t\t\t\t\t\t\t\t\t\t\t\t\t\t\t\t\t\t\t\t\t\t\t\t\t\t\t\t\t\t\t\t<\/ul>\n\t<\/div>\n\t<div class=\"fusion-post-content post-content\"><h2 class=\"blog-shortcode-post-title entry-title\"><a href=\"https:\/\/ifxproductions.com\/en\/ifx-experience-en\/bela-peko-revolution-sucree-legumes-et-video\/\">Bela Peko: revolution, vegetables and video<\/a><\/h2><div class=\"fusion-post-content-container\"><p> Bela Peko: revolution, vegetables and video   Behind The Scenes \u2022 November 30th 2023   Bela Peko [...]<\/p><\/div><\/div><div class=\"fusion-clearfix\"><\/div><\/article>\n<article id=\"blog-1-post-2543\" class=\"fusion-post-large post-2543 post type-post status-publish format-standard has-post-thumbnail hentry category-ifx-experience-en\">\n\t<style type=\"text\/css\">\n\t\t\n\t\t\n\t\t\n\t\t\n\t\t\t<\/style>\n\n\n\t\t\t<div class=\"fusion-flexslider flexslider fusion-flexslider-loading fusion-post-slideshow\" style=\"\">\n\t\t<ul class=\"slides\">\n\t\t\t\n\t\t\t\t\t\t\t\t\t\t\t\t\t\t<li><div  class=\"fusion-image-wrapper\" aria-haspopup=\"true\">\n\t\t\t\t<img decoding=\"async\" width=\"2038\" height=\"839\" src=\"https:\/\/ifxproductions.com\/wp-content\/uploads\/2023\/11\/Banniere-congres.webp\" class=\"attachment-full size-full lazyload wp-post-image\" alt=\"Banni\u00e8re congr\u00e8s h\u00f4tellerie et Spas 2023\" srcset=\"data:image\/svg+xml,%3Csvg%20xmlns%3D%27http%3A%2F%2Fwww.w3.org%2F2000%2Fsvg%27%20width%3D%272038%27%20height%3D%27839%27%20viewBox%3D%270%200%202038%20839%27%3E%3Crect%20width%3D%272038%27%20height%3D%27839%27%20fill-opacity%3D%220%22%2F%3E%3C%2Fsvg%3E\" data-orig-src=\"https:\/\/ifxproductions.com\/wp-content\/uploads\/2023\/11\/Banniere-congres.webp\" data-srcset=\"https:\/\/ifxproductions.com\/wp-content\/uploads\/2023\/11\/Banniere-congres-200x82.webp 200w, https:\/\/ifxproductions.com\/wp-content\/uploads\/2023\/11\/Banniere-congres-400x165.webp 400w, https:\/\/ifxproductions.com\/wp-content\/uploads\/2023\/11\/Banniere-congres-600x247.webp 600w, https:\/\/ifxproductions.com\/wp-content\/uploads\/2023\/11\/Banniere-congres-800x329.webp 800w, https:\/\/ifxproductions.com\/wp-content\/uploads\/2023\/11\/Banniere-congres-1200x494.webp 1200w, https:\/\/ifxproductions.com\/wp-content\/uploads\/2023\/11\/Banniere-congres.webp 2038w\" data-sizes=\"auto\" \/><div class=\"fusion-rollover\">\n\t<div class=\"fusion-rollover-content\">\n\n\t\t\t\t\n\t\t\n\t\t\t\t\t\t\t\t\t\t\t\t<h4 class=\"fusion-rollover-title\">\n\t\t\t\t\t<a class=\"fusion-rollover-title-link\" href=\"https:\/\/ifxproductions.com\/en\/ifx-experience-en\/congres-hotellerie-and-spa-celebrating-excellence\/\">\n\t\t\t\t\t\tCongr\u00e8s H\u00f4tellerie and Spa: celebrating excellence\t\t\t\t\t<\/a>\n\t\t\t\t<\/h4>\n\t\t\t\n\t\t\t\t\t\t\t\t\n\t\t\n\t\t\t\t\t\t<a class=\"fusion-link-wrapper\" href=\"https:\/\/ifxproductions.com\/en\/ifx-experience-en\/congres-hotellerie-and-spa-celebrating-excellence\/\" aria-label=\"Congr\u00e8s H\u00f4tellerie and Spa: celebrating excellence\"><\/a>\n\t<\/div>\n<\/div>\n<\/div>\n<\/li>\n\t\t\t\n\t\t\t\n\t\t\t\t\t\t\t\t\t\t\t\t\t\t\t\t\t\t\t\t\t\t\t\t\t\t\t\t\t\t\t\t\t\t\t\t\t\t\t\t\t\t\t\t\t\t\t\t\t\t\t\t\t\t\t\t\t\t\t\t\t\t\t\t\t\t\t\t<\/ul>\n\t<\/div>\n\t<div class=\"fusion-post-content post-content\"><h2 class=\"blog-shortcode-post-title entry-title\"><a href=\"https:\/\/ifxproductions.com\/en\/ifx-experience-en\/congres-hotellerie-and-spa-celebrating-excellence\/\">Congr\u00e8s H\u00f4tellerie and Spa: celebrating excellence<\/a><\/h2><div class=\"fusion-post-content-container\"><p> Congr\u00e8s h\u00f4tellerie et spas: celebrating excellence   Behind The Scenes \u2022 November 23 2023   For the [...]<\/p><\/div><\/div><div class=\"fusion-clearfix\"><\/div><\/article>\n<article id=\"blog-1-post-2278\" class=\"fusion-post-large post-2278 post type-post status-publish format-standard has-post-thumbnail hentry category-ifx-experience-en\">\n\t<style type=\"text\/css\">\n\t\t\n\t\t\n\t\t\n\t\t\n\t\t\t<\/style>\n\n\n\t\t\t<div class=\"fusion-flexslider flexslider fusion-flexslider-loading fusion-post-slideshow\" style=\"\">\n\t\t<ul class=\"slides\">\n\t\t\t\n\t\t\t\t\t\t\t\t\t\t\t\t\t\t<li><div  class=\"fusion-image-wrapper\" aria-haspopup=\"true\">\n\t\t\t\t<img decoding=\"async\" width=\"1200\" height=\"630\" src=\"https:\/\/ifxproductions.com\/wp-content\/uploads\/2023\/10\/20-ans-quebec-international.webp\" class=\"attachment-full size-full lazyload wp-post-image\" alt=\"Soir\u00e9e des 20 ans Qu\u00e9bec International\" srcset=\"data:image\/svg+xml,%3Csvg%20xmlns%3D%27http%3A%2F%2Fwww.w3.org%2F2000%2Fsvg%27%20width%3D%271200%27%20height%3D%27630%27%20viewBox%3D%270%200%201200%20630%27%3E%3Crect%20width%3D%271200%27%20height%3D%27630%27%20fill-opacity%3D%220%22%2F%3E%3C%2Fsvg%3E\" data-orig-src=\"https:\/\/ifxproductions.com\/wp-content\/uploads\/2023\/10\/20-ans-quebec-international.webp\" data-srcset=\"https:\/\/ifxproductions.com\/wp-content\/uploads\/2023\/10\/20-ans-quebec-international-200x105.webp 200w, https:\/\/ifxproductions.com\/wp-content\/uploads\/2023\/10\/20-ans-quebec-international-400x210.webp 400w, https:\/\/ifxproductions.com\/wp-content\/uploads\/2023\/10\/20-ans-quebec-international-600x315.webp 600w, https:\/\/ifxproductions.com\/wp-content\/uploads\/2023\/10\/20-ans-quebec-international-800x420.webp 800w, https:\/\/ifxproductions.com\/wp-content\/uploads\/2023\/10\/20-ans-quebec-international.webp 1200w\" data-sizes=\"auto\" \/><div class=\"fusion-rollover\">\n\t<div class=\"fusion-rollover-content\">\n\n\t\t\t\t\n\t\t\n\t\t\t\t\t\t\t\t\t\t\t\t<h4 class=\"fusion-rollover-title\">\n\t\t\t\t\t<a class=\"fusion-rollover-title-link\" href=\"https:\/\/ifxproductions.com\/en\/ifx-experience-en\/quebec-international-a-video-celebrating-20-years\/\">\n\t\t\t\t\t\tQu\u00e9bec International: a video celebrating 20 years\t\t\t\t\t<\/a>\n\t\t\t\t<\/h4>\n\t\t\t\n\t\t\t\t\t\t\t\t\n\t\t\n\t\t\t\t\t\t<a class=\"fusion-link-wrapper\" href=\"https:\/\/ifxproductions.com\/en\/ifx-experience-en\/quebec-international-a-video-celebrating-20-years\/\" aria-label=\"Qu\u00e9bec International: a video celebrating 20 years\"><\/a>\n\t<\/div>\n<\/div>\n<\/div>\n<\/li>\n\t\t\t\n\t\t\t\n\t\t\t\t\t\t\t\t\t\t\t\t\t\t\t\t\t\t\t\t\t\t\t\t\t\t\t\t\t\t\t\t\t\t\t\t\t\t\t\t\t\t\t\t\t\t\t\t\t\t\t\t\t\t\t\t\t\t\t\t\t\t\t\t\t\t\t\t<\/ul>\n\t<\/div>\n\t<div class=\"fusion-post-content post-content\"><h2 class=\"blog-shortcode-post-title entry-title\"><a href=\"https:\/\/ifxproductions.com\/en\/ifx-experience-en\/quebec-international-a-video-celebrating-20-years\/\">Qu\u00e9bec International: a video celebrating 20 years<\/a><\/h2><div class=\"fusion-post-content-container\"><p> Qu\u00e9bec International: a video celebrating 20 years   Behind The Scenes \u2022 October 23, 2023   For [...]<\/p><\/div><\/div><div class=\"fusion-clearfix\"><\/div><\/article>\n<article id=\"blog-1-post-2198\" class=\"fusion-post-large post-2198 post type-post status-publish format-standard has-post-thumbnail hentry category-ifx-experience-en\">\n\t<style type=\"text\/css\">\n\t\t\n\t\t\n\t\t\n\t\t\n\t\t\t<\/style>\n\n\n\t\t\t<div class=\"fusion-flexslider flexslider fusion-flexslider-loading fusion-post-slideshow\" style=\"\">\n\t\t<ul class=\"slides\">\n\t\t\t\n\t\t\t\t\t\t\t\t\t\t\t\t\t\t<li><div  class=\"fusion-image-wrapper\" aria-haspopup=\"true\">\n\t\t\t\t<img decoding=\"async\" width=\"940\" height=\"788\" src=\"https:\/\/ifxproductions.com\/wp-content\/uploads\/2023\/10\/CrA\u00a9ation-sans-titre-3.webp\" class=\"attachment-full size-full lazyload wp-post-image\" alt=\"Alan motion designer iFX Productions\" srcset=\"data:image\/svg+xml,%3Csvg%20xmlns%3D%27http%3A%2F%2Fwww.w3.org%2F2000%2Fsvg%27%20width%3D%27940%27%20height%3D%27788%27%20viewBox%3D%270%200%20940%20788%27%3E%3Crect%20width%3D%27940%27%20height%3D%27788%27%20fill-opacity%3D%220%22%2F%3E%3C%2Fsvg%3E\" data-orig-src=\"https:\/\/ifxproductions.com\/wp-content\/uploads\/2023\/10\/CrA\u00a9ation-sans-titre-3.webp\" data-srcset=\"https:\/\/ifxproductions.com\/wp-content\/uploads\/2023\/10\/CrA\u00a9ation-sans-titre-3-200x168.webp 200w, https:\/\/ifxproductions.com\/wp-content\/uploads\/2023\/10\/CrA\u00a9ation-sans-titre-3-400x335.webp 400w, https:\/\/ifxproductions.com\/wp-content\/uploads\/2023\/10\/CrA\u00a9ation-sans-titre-3-600x503.webp 600w, https:\/\/ifxproductions.com\/wp-content\/uploads\/2023\/10\/CrA\u00a9ation-sans-titre-3-800x671.webp 800w, https:\/\/ifxproductions.com\/wp-content\/uploads\/2023\/10\/CrA\u00a9ation-sans-titre-3.webp 940w\" data-sizes=\"auto\" \/><div class=\"fusion-rollover\">\n\t<div class=\"fusion-rollover-content\">\n\n\t\t\t\t\n\t\t\n\t\t\t\t\t\t\t\t\t\t\t\t<h4 class=\"fusion-rollover-title\">\n\t\t\t\t\t<a class=\"fusion-rollover-title-link\" href=\"https:\/\/ifxproductions.com\/en\/ifx-experience-en\/alan-the-motion-designer-who-brings-your-videos-to-life-in-quebec-city\/\">\n\t\t\t\t\t\tAlan, the motion designer who brings your videos to life in Quebec City\t\t\t\t\t<\/a>\n\t\t\t\t<\/h4>\n\t\t\t\n\t\t\t\t\t\t\t\t\n\t\t\n\t\t\t\t\t\t<a class=\"fusion-link-wrapper\" href=\"https:\/\/ifxproductions.com\/en\/ifx-experience-en\/alan-the-motion-designer-who-brings-your-videos-to-life-in-quebec-city\/\" aria-label=\"Alan, the motion designer who brings your videos to life in Quebec City\"><\/a>\n\t<\/div>\n<\/div>\n<\/div>\n<\/li>\n\t\t\t\n\t\t\t\n\t\t\t\t\t\t\t\t\t\t\t\t\t\t\t\t\t\t\t\t\t\t\t\t\t\t\t\t\t\t\t\t\t\t\t\t\t\t\t\t\t\t\t\t\t\t\t\t\t\t\t\t\t\t\t\t\t\t\t\t\t\t\t\t\t\t\t\t<\/ul>\n\t<\/div>\n\t<div class=\"fusion-post-content post-content\"><h2 class=\"blog-shortcode-post-title entry-title\"><a href=\"https:\/\/ifxproductions.com\/en\/ifx-experience-en\/alan-the-motion-designer-who-brings-your-videos-to-life-in-quebec-city\/\">Alan, the motion designer who brings your videos to life in Quebec City<\/a><\/h2><div class=\"fusion-post-content-container\"><p> Alan, the motion designer who brings your videos to life in Quebec City   Behind The Scenes \u2022 [...]<\/p><\/div><\/div><div class=\"fusion-clearfix\"><\/div><\/article>\n<\/div><\/div><\/div><\/div><\/div><\/div><div class=\"fusion-bg-parallax\" data-bg-align=\"center center\" data-direction=\"left\" data-mute=\"false\" data-opacity=\"100\" data-velocity=\"-0.5\" data-mobile-enabled=\"false\" data-break_parents=\"0\" data-bg-image=\"https:\/\/ifxproductions.com\/wp-content\/uploads\/2016\/07\/services_bg_footer.jpg\" data-bg-repeat=\"false\" ><\/div><div class=\"fusion-fullwidth fullwidth-box fusion-builder-row-2 fusion-flex-container fusion-parallax-left nonhundred-percent-fullwidth non-hundred-percent-height-scrolling lazyload\" style=\"--awb-border-sizes-top:0px;--awb-border-sizes-bottom:0px;--awb-border-sizes-left:0px;--awb-border-sizes-right:0px;--awb-border-radius-top-left:0px;--awb-border-radius-top-right:0px;--awb-border-radius-bottom-right:0px;--awb-border-radius-bottom-left:0px;--awb-background-size:cover;--awb-flex-wrap:wrap;\" data-bg=\"https:\/\/ifxproductions.com\/wp-content\/uploads\/2016\/07\/services_bg_footer.jpg\" ><div class=\"fusion-builder-row fusion-row fusion-flex-align-items-stretch fusion-flex-content-wrap\" style=\"max-width:1216.8px;margin-left: calc(-4% \/ 2 );margin-right: calc(-4% \/ 2 );\"><div class=\"fusion-layout-column fusion_builder_column fusion-builder-column-1 fusion_builder_column_1_1 1_1 fusion-flex-column\" style=\"--awb-padding-top:18%;--awb-padding-bottom:18%;--awb-bg-size:cover;--awb-width-large:100%;--awb-margin-top-large:0px;--awb-spacing-right-large:1.92%;--awb-margin-bottom-large:0px;--awb-spacing-left-large:1.92%;--awb-width-medium:100%;--awb-spacing-right-medium:1.92%;--awb-spacing-left-medium:1.92%;--awb-width-small:100%;--awb-spacing-right-small:1.92%;--awb-spacing-left-small:1.92%;\"><div class=\"fusion-column-wrapper fusion-flex-justify-content-center fusion-content-layout-column\"><div class=\"fusion-image-element \" style=\"text-align:center;--awb-caption-title-font-family:var(--h2_typography-font-family);--awb-caption-title-font-weight:var(--h2_typography-font-weight);--awb-caption-title-font-style:var(--h2_typography-font-style);--awb-caption-title-size:var(--h2_typography-font-size);--awb-caption-title-transform:var(--h2_typography-text-transform);--awb-caption-title-line-height:var(--h2_typography-line-height);--awb-caption-title-letter-spacing:var(--h2_typography-letter-spacing);\"><span class=\" fusion-imageframe imageframe-none imageframe-1 hover-type-none\"><img decoding=\"async\" width=\"154\" height=\"80\" alt=\"i\" title=\"Logo-iFX-Productions\" src=\"data:image\/svg+xml,%3Csvg%20xmlns%3D%27http%3A%2F%2Fwww.w3.org%2F2000%2Fsvg%27%20width%3D%27154%27%20height%3D%2780%27%20viewBox%3D%270%200%20154%2080%27%3E%3Crect%20width%3D%27154%27%20height%3D%2780%27%20fill-opacity%3D%220%22%2F%3E%3C%2Fsvg%3E\" data-orig-src=\"https:\/\/ifxproductions.com\/wp-content\/uploads\/2017\/07\/Logo-iFX-Productions.png\" class=\"lazyload img-responsive wp-image-1569\"\/><\/span><\/div><div class=\"fusion-text fusion-text-1\"><h2 style=\"text-align: center;\" data-inline-fontsize=\"true\" data-inline-lineheight=\"true\" data-fontsize=\"84\" data-lineheight=\"60\"><span style=\"color: #ffffff;\">Ready to Talk?<\/span><\/h2>\n<\/div><div class=\"fusion-text fusion-text-2\"><p style=\"font-weight: 300; text-align: center; color: #fff; letter-spacing: 2px;\">Unlock the Potential: Every Great Project Begins with a Small Idea!<\/p>\n<\/div><div class=\"fusion-separator fusion-full-width-sep\" style=\"align-self: center;margin-left: auto;margin-right: auto;margin-top:5px;width:100%;\"><\/div><div style=\"text-align:center;\"><a class=\"fusion-button button-flat fusion-button-default-size button-custom fusion-button-default button-1 fusion-button-default-span fusion-button-default-type\" style=\"--button_accent_color:#1f1f27;--button_border_color:#1f1f27;--button_accent_hover_color:#ffffff;--button_border_hover_color:#ffffff;--button_gradient_top_color:#ffffff;--button_gradient_bottom_color:#ffffff;--button_gradient_top_color_hover:#ff9900;--button_gradient_bottom_color_hover:#ff9900;\" target=\"_self\" href=\"https:\/\/ifxproductions.com\/en\/contact-us\/\"><i class=\"fa-play fas awb-button__icon awb-button__icon--default button-icon-left\" aria-hidden=\"true\"><\/i><span class=\"fusion-button-text awb-button__text awb-button__text--default\">CONTACT-US<\/span><\/a><\/div><\/div><\/div><\/div><\/div>\n<\/p>\n","protected":false},"excerpt":{"rendered":"","protected":false},"author":2,"featured_media":0,"parent":0,"menu_order":0,"comment_status":"closed","ping_status":"closed","template":"100-width.php","meta":{"footnotes":""},"class_list":["post-2547","page","type-page","status-publish","hentry"],"_links":{"self":[{"href":"https:\/\/ifxproductions.com\/en\/wp-json\/wp\/v2\/pages\/2547","targetHints":{"allow":["GET"]}}],"collection":[{"href":"https:\/\/ifxproductions.com\/en\/wp-json\/wp\/v2\/pages"}],"about":[{"href":"https:\/\/ifxproductions.com\/en\/wp-json\/wp\/v2\/types\/page"}],"author":[{"embeddable":true,"href":"https:\/\/ifxproductions.com\/en\/wp-json\/wp\/v2\/users\/2"}],"replies":[{"embeddable":true,"href":"https:\/\/ifxproductions.com\/en\/wp-json\/wp\/v2\/comments?post=2547"}],"version-history":[{"count":10,"href":"https:\/\/ifxproductions.com\/en\/wp-json\/wp\/v2\/pages\/2547\/revisions"}],"predecessor-version":[{"id":2863,"href":"https:\/\/ifxproductions.com\/en\/wp-json\/wp\/v2\/pages\/2547\/revisions\/2863"}],"wp:attachment":[{"href":"https:\/\/ifxproductions.com\/en\/wp-json\/wp\/v2\/media?parent=2547"}],"curies":[{"name":"wp","href":"https:\/\/api.w.org\/{rel}","templated":true}]}}